{"id":2084,"date":"2023-12-28T10:19:26","date_gmt":"2023-12-28T10:19:26","guid":{"rendered":"https:\/\/catedra-hp.webs.upv.es\/?page_id=2084"},"modified":"2024-01-04T14:15:07","modified_gmt":"2024-01-04T14:15:07","slug":"jornadas-devfest","status":"publish","type":"page","link":"https:\/\/catedra-hp.webs.upv.es\/index.php\/jornadas-devfest\/","title":{"rendered":"Jornadas DevFest"},"content":{"rendered":"\t\t<div data-elementor-type=\"wp-page\" data-elementor-id=\"2084\" class=\"elementor elementor-2084\">\n\t\t\t\t\t\t<section class=\"elementor-section elementor-top-section elementor-element elementor-element-1dbc267c elementor-section-stretched elementor-section-boxed elementor-section-height-default elementor-section-height-default\" data-id=\"1dbc267c\" data-element_type=\"section\" data-e-type=\"section\" data-settings=\"{&quot;stretch_section&quot;:&quot;section-stretched&quot;,&quot;background_background&quot;:&quot;classic&quot;}\">\n\t\t\t\t\t\t<div class=\"elementor-container elementor-column-gap-default\">\n\t\t\t\t\t<div class=\"elementor-column elementor-col-100 elementor-top-column elementor-element elementor-element-3f6c93a3\" data-id=\"3f6c93a3\" data-element_type=\"column\" data-e-type=\"column\">\n\t\t\t<div class=\"elementor-widget-wrap elementor-element-populated\">\n\t\t\t\t\t\t<div class=\"elementor-element elementor-element-2964b3a9 elementor-widget elementor-widget-heading\" data-id=\"2964b3a9\" data-element_type=\"widget\" data-e-type=\"widget\" data-widget_type=\"heading.default\">\n\t\t\t\t<div class=\"elementor-widget-container\">\n\t\t\t\t\t<h2 class=\"elementor-heading-title elementor-size-default\">Jornadas DevFest<\/h2>\t\t\t\t<\/div>\n\t\t\t\t<\/div>\n\t\t\t\t\t<\/div>\n\t\t<\/div>\n\t\t\t\t\t<\/div>\n\t\t<\/section>\n\t\t\t\t<section class=\"elementor-section elementor-top-section elementor-element elementor-element-79d5486a elementor-section-boxed elementor-section-height-default elementor-section-height-default\" data-id=\"79d5486a\" data-element_type=\"section\" data-e-type=\"section\" data-settings=\"{&quot;background_background&quot;:&quot;classic&quot;}\">\n\t\t\t\t\t\t<div class=\"elementor-container elementor-column-gap-default\">\n\t\t\t\t\t<div class=\"elementor-column elementor-col-16 elementor-top-column elementor-element elementor-element-211bc202\" data-id=\"211bc202\" data-element_type=\"column\" data-e-type=\"column\">\n\t\t\t<div class=\"elementor-widget-wrap\">\n\t\t\t\t\t\t\t<\/div>\n\t\t<\/div>\n\t\t\t\t<div class=\"elementor-column elementor-col-66 elementor-top-column elementor-element elementor-element-144054a6\" data-id=\"144054a6\" data-element_type=\"column\" data-e-type=\"column\" data-settings=\"{&quot;background_background&quot;:&quot;classic&quot;}\">\n\t\t\t<div class=\"elementor-widget-wrap elementor-element-populated\">\n\t\t\t\t\t\t<div class=\"elementor-element elementor-element-325aff2a elementor-widget elementor-widget-html\" data-id=\"325aff2a\" data-element_type=\"widget\" data-e-type=\"widget\" data-widget_type=\"html.default\">\n\t\t\t\t<div class=\"elementor-widget-container\">\n\t\t\t\t\t<span style=\"font-family:Poppins; background-color:#467ff7;color:#fff;padding:5px 10px;border-radius:6px;\">11 de diciembre de 2023<\/span>\t\t\t\t<\/div>\n\t\t\t\t<\/div>\n\t\t\t\t<div class=\"elementor-element elementor-element-960fd0c elementor-widget elementor-widget-text-editor\" data-id=\"960fd0c\" data-element_type=\"widget\" data-e-type=\"widget\" data-widget_type=\"text-editor.default\">\n\t\t\t\t<div class=\"elementor-widget-container\">\n\t\t\t\t\t\t\t\t\t<p><span class=\"ui-provider awv aww awx awy awz axa axb axc axd axe axf axg axh axi axj axk axl axm axn axo axp axq axr axs axt axu axv axw axx axy axz aya ayb ayc ayd\" dir=\"ltr\">El lunes 11 de diciembre en el Paraninfo de la UPV se realizaron las Jornadas DevFest, organizadas por el GDSC (Google Developer Student Clubs), grupo de Generaci\u00f3n Espont\u00e1nea UPV.<\/span><\/p>\t\t\t\t\t\t\t\t<\/div>\n\t\t\t\t<\/div>\n\t\t\t\t<div class=\"elementor-element elementor-element-7c9f671e elementor-widget elementor-widget-text-editor\" data-id=\"7c9f671e\" data-element_type=\"widget\" data-e-type=\"widget\" data-widget_type=\"text-editor.default\">\n\t\t\t\t<div class=\"elementor-widget-container\">\n\t\t\t\t\t\t\t\t\t<p><\/p>\n<p><span class=\"ui-provider awv aww awx awy awz axa axb axc axd axe axf axg axh axi axj axk axl axm axn axo axp axq axr axs axt axu axv axw axx axy axz aya ayb ayc ayd\" dir=\"ltr\">El evento comenz\u00f3 a las 9:00 hrs y se extendi\u00f3 hasta las 19:00 hrs., estuvo compuesto por 8 ponencias y una mesa redonda. Los temas abordados las ponencias fueron diversos, entre ellos: Criptograf\u00eda, Web UI, IA Generativa, Realidad Extendida, etc. La mesa redonda tuvo como tema \u00abEl impacto de las tecnolog\u00edas en la educaci\u00f3n\u00bb. La C\u00e1tedra HP colabor\u00f3 financiando gastos de organizaci\u00f3n del evento.<\/span><\/p>\n<p><\/p>\n<p><\/p>\n<figure class=\"wp-block-gallery has-nested-images columns-2 is-cropped\">\n<p><\/p>\n<\/figure>\n<p><!-- \/wp:gallery --><\/p>\t\t\t\t\t\t\t\t<\/div>\n\t\t\t\t<\/div>\n\t\t\t\t<div class=\"elementor-element elementor-element-10669537 gallery-spacing-custom elementor-widget elementor-widget-image-gallery\" data-id=\"10669537\" data-element_type=\"widget\" data-e-type=\"widget\" data-widget_type=\"image-gallery.default\">\n\t\t\t\t<div class=\"elementor-widget-container\">\n\t\t\t\t\t\t\t<div class=\"elementor-image-gallery\">\n\t\t\t<div id='gallery-1' class='gallery galleryid-2084 gallery-columns-2 gallery-size-medium_large'><figure class='gallery-item'>\n\t\t\t<div class='gallery-icon landscape'>\n\t\t\t\t<a data-elementor-open-lightbox=\"yes\" data-elementor-lightbox-slideshow=\"10669537\" data-elementor-lightbox-title=\"Jornadas DevFest\" data-e-action-hash=\"#elementor-action%3Aaction%3Dlightbox%26settings%3DeyJpZCI6MjA5MCwidXJsIjoiaHR0cHM6XC9cL2NhdGVkcmEtaHAud2Vicy51cHYuZXNcL3dwLWNvbnRlbnRcL3VwbG9hZHNcLzIwMjNcLzEyXC9NaWNyb3NvZnRUZWFtcy1pbWFnZS0xNTktc2NhbGVkLmpwZyIsInNsaWRlc2hvdyI6IjEwNjY5NTM3In0%3D\" href='https:\/\/catedra-hp.webs.upv.es\/wp-content\/uploads\/2023\/12\/MicrosoftTeams-image-159-scaled.jpg'><img fetchpriority=\"high\" decoding=\"async\" width=\"768\" height=\"512\" src=\"https:\/\/catedra-hp.webs.upv.es\/wp-content\/uploads\/2023\/12\/MicrosoftTeams-image-159-768x512.jpg\" class=\"attachment-medium_large size-medium_large\" alt=\"\" srcset=\"https:\/\/catedra-hp.webs.upv.es\/wp-content\/uploads\/2023\/12\/MicrosoftTeams-image-159-768x512.jpg 768w, https:\/\/catedra-hp.webs.upv.es\/wp-content\/uploads\/2023\/12\/MicrosoftTeams-image-159-300x200.jpg 300w, https:\/\/catedra-hp.webs.upv.es\/wp-content\/uploads\/2023\/12\/MicrosoftTeams-image-159-1024x683.jpg 1024w, https:\/\/catedra-hp.webs.upv.es\/wp-content\/uploads\/2023\/12\/MicrosoftTeams-image-159-1536x1024.jpg 1536w\" sizes=\"(max-width: 768px) 100vw, 768px\" \/><\/a>\n\t\t\t<\/div><\/figure><figure class='gallery-item'>\n\t\t\t<div class='gallery-icon landscape'>\n\t\t\t\t<a data-elementor-open-lightbox=\"yes\" data-elementor-lightbox-slideshow=\"10669537\" data-elementor-lightbox-title=\"Jornadas DevFest\" data-e-action-hash=\"#elementor-action%3Aaction%3Dlightbox%26settings%3DeyJpZCI6MjA5MSwidXJsIjoiaHR0cHM6XC9cL2NhdGVkcmEtaHAud2Vicy51cHYuZXNcL3dwLWNvbnRlbnRcL3VwbG9hZHNcLzIwMjNcLzEyXC9NaWNyb3NvZnRUZWFtcy1pbWFnZS0xNTgtc2NhbGVkLmpwZyIsInNsaWRlc2hvdyI6IjEwNjY5NTM3In0%3D\" href='https:\/\/catedra-hp.webs.upv.es\/wp-content\/uploads\/2023\/12\/MicrosoftTeams-image-158-scaled.jpg'><img decoding=\"async\" width=\"768\" height=\"512\" src=\"https:\/\/catedra-hp.webs.upv.es\/wp-content\/uploads\/2023\/12\/MicrosoftTeams-image-158-768x512.jpg\" class=\"attachment-medium_large size-medium_large\" alt=\"\" srcset=\"https:\/\/catedra-hp.webs.upv.es\/wp-content\/uploads\/2023\/12\/MicrosoftTeams-image-158-768x512.jpg 768w, https:\/\/catedra-hp.webs.upv.es\/wp-content\/uploads\/2023\/12\/MicrosoftTeams-image-158-300x200.jpg 300w, https:\/\/catedra-hp.webs.upv.es\/wp-content\/uploads\/2023\/12\/MicrosoftTeams-image-158-1024x683.jpg 1024w, https:\/\/catedra-hp.webs.upv.es\/wp-content\/uploads\/2023\/12\/MicrosoftTeams-image-158-1536x1024.jpg 1536w\" sizes=\"(max-width: 768px) 100vw, 768px\" \/><\/a>\n\t\t\t<\/div><\/figure><figure class='gallery-item'>\n\t\t\t<div class='gallery-icon landscape'>\n\t\t\t\t<a data-elementor-open-lightbox=\"yes\" data-elementor-lightbox-slideshow=\"10669537\" data-elementor-lightbox-title=\"Jornadas DevFest\" data-e-action-hash=\"#elementor-action%3Aaction%3Dlightbox%26settings%3DeyJpZCI6MjA4NiwidXJsIjoiaHR0cHM6XC9cL2NhdGVkcmEtaHAud2Vicy51cHYuZXNcL3dwLWNvbnRlbnRcL3VwbG9hZHNcLzIwMjNcLzEyXC9NaWNyb3NvZnRUZWFtcy1pbWFnZS0xNjMtc2NhbGVkLmpwZyIsInNsaWRlc2hvdyI6IjEwNjY5NTM3In0%3D\" href='https:\/\/catedra-hp.webs.upv.es\/wp-content\/uploads\/2023\/12\/MicrosoftTeams-image-163-scaled.jpg'><img decoding=\"async\" width=\"768\" height=\"512\" src=\"https:\/\/catedra-hp.webs.upv.es\/wp-content\/uploads\/2023\/12\/MicrosoftTeams-image-163-768x512.jpg\" class=\"attachment-medium_large size-medium_large\" alt=\"\" srcset=\"https:\/\/catedra-hp.webs.upv.es\/wp-content\/uploads\/2023\/12\/MicrosoftTeams-image-163-768x512.jpg 768w, https:\/\/catedra-hp.webs.upv.es\/wp-content\/uploads\/2023\/12\/MicrosoftTeams-image-163-300x200.jpg 300w, https:\/\/catedra-hp.webs.upv.es\/wp-content\/uploads\/2023\/12\/MicrosoftTeams-image-163-1024x683.jpg 1024w, https:\/\/catedra-hp.webs.upv.es\/wp-content\/uploads\/2023\/12\/MicrosoftTeams-image-163-1536x1024.jpg 1536w\" sizes=\"(max-width: 768px) 100vw, 768px\" \/><\/a>\n\t\t\t<\/div><\/figure><figure class='gallery-item'>\n\t\t\t<div class='gallery-icon landscape'>\n\t\t\t\t<a data-elementor-open-lightbox=\"yes\" data-elementor-lightbox-slideshow=\"10669537\" data-elementor-lightbox-title=\"Jornadas DevFest\" data-e-action-hash=\"#elementor-action%3Aaction%3Dlightbox%26settings%3DeyJpZCI6MjA4OSwidXJsIjoiaHR0cHM6XC9cL2NhdGVkcmEtaHAud2Vicy51cHYuZXNcL3dwLWNvbnRlbnRcL3VwbG9hZHNcLzIwMjNcLzEyXC9NaWNyb3NvZnRUZWFtcy1pbWFnZS0xNjAtc2NhbGVkLmpwZyIsInNsaWRlc2hvdyI6IjEwNjY5NTM3In0%3D\" href='https:\/\/catedra-hp.webs.upv.es\/wp-content\/uploads\/2023\/12\/MicrosoftTeams-image-160-scaled.jpg'><img loading=\"lazy\" decoding=\"async\" width=\"768\" height=\"512\" src=\"https:\/\/catedra-hp.webs.upv.es\/wp-content\/uploads\/2023\/12\/MicrosoftTeams-image-160-768x512.jpg\" class=\"attachment-medium_large size-medium_large\" alt=\"\" srcset=\"https:\/\/catedra-hp.webs.upv.es\/wp-content\/uploads\/2023\/12\/MicrosoftTeams-image-160-768x512.jpg 768w, https:\/\/catedra-hp.webs.upv.es\/wp-content\/uploads\/2023\/12\/MicrosoftTeams-image-160-300x200.jpg 300w, https:\/\/catedra-hp.webs.upv.es\/wp-content\/uploads\/2023\/12\/MicrosoftTeams-image-160-1024x683.jpg 1024w\" sizes=\"(max-width: 768px) 100vw, 768px\" \/><\/a>\n\t\t\t<\/div><\/figure><figure class='gallery-item'>\n\t\t\t<div class='gallery-icon landscape'>\n\t\t\t\t<a data-elementor-open-lightbox=\"yes\" data-elementor-lightbox-slideshow=\"10669537\" data-elementor-lightbox-title=\"Jornadas DevFest\" data-e-action-hash=\"#elementor-action%3Aaction%3Dlightbox%26settings%3DeyJpZCI6MjA5MywidXJsIjoiaHR0cHM6XC9cL2NhdGVkcmEtaHAud2Vicy51cHYuZXNcL3dwLWNvbnRlbnRcL3VwbG9hZHNcLzIwMjNcLzEyXC9NaWNyb3NvZnRUZWFtcy1pbWFnZS0xNTYtc2NhbGVkLmpwZyIsInNsaWRlc2hvdyI6IjEwNjY5NTM3In0%3D\" href='https:\/\/catedra-hp.webs.upv.es\/wp-content\/uploads\/2023\/12\/MicrosoftTeams-image-156-scaled.jpg'><img loading=\"lazy\" decoding=\"async\" width=\"768\" height=\"512\" src=\"https:\/\/catedra-hp.webs.upv.es\/wp-content\/uploads\/2023\/12\/MicrosoftTeams-image-156-768x512.jpg\" class=\"attachment-medium_large size-medium_large\" alt=\"\" srcset=\"https:\/\/catedra-hp.webs.upv.es\/wp-content\/uploads\/2023\/12\/MicrosoftTeams-image-156-768x512.jpg 768w, https:\/\/catedra-hp.webs.upv.es\/wp-content\/uploads\/2023\/12\/MicrosoftTeams-image-156-300x200.jpg 300w, https:\/\/catedra-hp.webs.upv.es\/wp-content\/uploads\/2023\/12\/MicrosoftTeams-image-156-1024x683.jpg 1024w, https:\/\/catedra-hp.webs.upv.es\/wp-content\/uploads\/2023\/12\/MicrosoftTeams-image-156-1536x1024.jpg 1536w\" sizes=\"(max-width: 768px) 100vw, 768px\" \/><\/a>\n\t\t\t<\/div><\/figure><figure class='gallery-item'>\n\t\t\t<div class='gallery-icon landscape'>\n\t\t\t\t<a data-elementor-open-lightbox=\"yes\" data-elementor-lightbox-slideshow=\"10669537\" data-elementor-lightbox-title=\"Jornadas DevFest\" data-e-action-hash=\"#elementor-action%3Aaction%3Dlightbox%26settings%3DeyJpZCI6MjA5MiwidXJsIjoiaHR0cHM6XC9cL2NhdGVkcmEtaHAud2Vicy51cHYuZXNcL3dwLWNvbnRlbnRcL3VwbG9hZHNcLzIwMjNcLzEyXC9NaWNyb3NvZnRUZWFtcy1pbWFnZS0xNTcucG5nIiwic2xpZGVzaG93IjoiMTA2Njk1MzcifQ%3D%3D\" href='https:\/\/catedra-hp.webs.upv.es\/wp-content\/uploads\/2023\/12\/MicrosoftTeams-image-157.png'><img loading=\"lazy\" decoding=\"async\" width=\"768\" height=\"432\" src=\"https:\/\/catedra-hp.webs.upv.es\/wp-content\/uploads\/2023\/12\/MicrosoftTeams-image-157-768x432.png\" class=\"attachment-medium_large size-medium_large\" alt=\"\" srcset=\"https:\/\/catedra-hp.webs.upv.es\/wp-content\/uploads\/2023\/12\/MicrosoftTeams-image-157-768x432.png 768w, https:\/\/catedra-hp.webs.upv.es\/wp-content\/uploads\/2023\/12\/MicrosoftTeams-image-157-300x169.png 300w, https:\/\/catedra-hp.webs.upv.es\/wp-content\/uploads\/2023\/12\/MicrosoftTeams-image-157-1024x576.png 1024w, https:\/\/catedra-hp.webs.upv.es\/wp-content\/uploads\/2023\/12\/MicrosoftTeams-image-157-1536x864.png 1536w\" sizes=\"(max-width: 768px) 100vw, 768px\" \/><\/a>\n\t\t\t<\/div><\/figure><figure class='gallery-item'>\n\t\t\t<div class='gallery-icon landscape'>\n\t\t\t\t<a data-elementor-open-lightbox=\"yes\" data-elementor-lightbox-slideshow=\"10669537\" data-elementor-lightbox-title=\"Jornadas DevFest\" data-e-action-hash=\"#elementor-action%3Aaction%3Dlightbox%26settings%3DeyJpZCI6MjA5NCwidXJsIjoiaHR0cHM6XC9cL2NhdGVkcmEtaHAud2Vicy51cHYuZXNcL3dwLWNvbnRlbnRcL3VwbG9hZHNcLzIwMjNcLzEyXC9NaWNyb3NvZnRUZWFtcy1pbWFnZS0xNTUucG5nIiwic2xpZGVzaG93IjoiMTA2Njk1MzcifQ%3D%3D\" href='https:\/\/catedra-hp.webs.upv.es\/wp-content\/uploads\/2023\/12\/MicrosoftTeams-image-155.png'><img loading=\"lazy\" decoding=\"async\" width=\"768\" height=\"768\" src=\"https:\/\/catedra-hp.webs.upv.es\/wp-content\/uploads\/2023\/12\/MicrosoftTeams-image-155-768x768.png\" class=\"attachment-medium_large size-medium_large\" alt=\"\" srcset=\"https:\/\/catedra-hp.webs.upv.es\/wp-content\/uploads\/2023\/12\/MicrosoftTeams-image-155-768x768.png 768w, https:\/\/catedra-hp.webs.upv.es\/wp-content\/uploads\/2023\/12\/MicrosoftTeams-image-155-300x300.png 300w, https:\/\/catedra-hp.webs.upv.es\/wp-content\/uploads\/2023\/12\/MicrosoftTeams-image-155-1024x1024.png 1024w, https:\/\/catedra-hp.webs.upv.es\/wp-content\/uploads\/2023\/12\/MicrosoftTeams-image-155-150x150.png 150w, https:\/\/catedra-hp.webs.upv.es\/wp-content\/uploads\/2023\/12\/MicrosoftTeams-image-155-1536x1536.png 1536w, https:\/\/catedra-hp.webs.upv.es\/wp-content\/uploads\/2023\/12\/MicrosoftTeams-image-155-2048x2048.png 2048w\" sizes=\"(max-width: 768px) 100vw, 768px\" \/><\/a>\n\t\t\t<\/div><\/figure><figure class='gallery-item'>\n\t\t\t<div class='gallery-icon landscape'>\n\t\t\t\t<a data-elementor-open-lightbox=\"yes\" data-elementor-lightbox-slideshow=\"10669537\" data-elementor-lightbox-title=\"Jornadas DevFest\" data-e-action-hash=\"#elementor-action%3Aaction%3Dlightbox%26settings%3DeyJpZCI6MjA4NywidXJsIjoiaHR0cHM6XC9cL2NhdGVkcmEtaHAud2Vicy51cHYuZXNcL3dwLWNvbnRlbnRcL3VwbG9hZHNcLzIwMjNcLzEyXC9NaWNyb3NvZnRUZWFtcy1pbWFnZS0xNjItc2NhbGVkLmpwZyIsInNsaWRlc2hvdyI6IjEwNjY5NTM3In0%3D\" href='https:\/\/catedra-hp.webs.upv.es\/wp-content\/uploads\/2023\/12\/MicrosoftTeams-image-162-scaled.jpg'><img loading=\"lazy\" decoding=\"async\" width=\"768\" height=\"768\" src=\"https:\/\/catedra-hp.webs.upv.es\/wp-content\/uploads\/2023\/12\/MicrosoftTeams-image-162-768x768.jpg\" class=\"attachment-medium_large size-medium_large\" alt=\"\" srcset=\"https:\/\/catedra-hp.webs.upv.es\/wp-content\/uploads\/2023\/12\/MicrosoftTeams-image-162-768x768.jpg 768w, https:\/\/catedra-hp.webs.upv.es\/wp-content\/uploads\/2023\/12\/MicrosoftTeams-image-162-300x300.jpg 300w, https:\/\/catedra-hp.webs.upv.es\/wp-content\/uploads\/2023\/12\/MicrosoftTeams-image-162-1024x1024.jpg 1024w, https:\/\/catedra-hp.webs.upv.es\/wp-content\/uploads\/2023\/12\/MicrosoftTeams-image-162-150x150.jpg 150w, https:\/\/catedra-hp.webs.upv.es\/wp-content\/uploads\/2023\/12\/MicrosoftTeams-image-162-1536x1536.jpg 1536w, https:\/\/catedra-hp.webs.upv.es\/wp-content\/uploads\/2023\/12\/MicrosoftTeams-image-162-2048x2048.jpg 2048w\" sizes=\"(max-width: 768px) 100vw, 768px\" \/><\/a>\n\t\t\t<\/div><\/figure><figure class='gallery-item'>\n\t\t\t<div class='gallery-icon portrait'>\n\t\t\t\t<a data-elementor-open-lightbox=\"yes\" data-elementor-lightbox-slideshow=\"10669537\" data-elementor-lightbox-title=\"Jornadas DevFest\" data-e-action-hash=\"#elementor-action%3Aaction%3Dlightbox%26settings%3DeyJpZCI6MjA4OCwidXJsIjoiaHR0cHM6XC9cL2NhdGVkcmEtaHAud2Vicy51cHYuZXNcL3dwLWNvbnRlbnRcL3VwbG9hZHNcLzIwMjNcLzEyXC9NaWNyb3NvZnRUZWFtcy1pbWFnZS0xNjEtc2NhbGVkLmpwZyIsInNsaWRlc2hvdyI6IjEwNjY5NTM3In0%3D\" href='https:\/\/catedra-hp.webs.upv.es\/wp-content\/uploads\/2023\/12\/MicrosoftTeams-image-161-scaled.jpg'><img loading=\"lazy\" decoding=\"async\" width=\"768\" height=\"1152\" src=\"https:\/\/catedra-hp.webs.upv.es\/wp-content\/uploads\/2023\/12\/MicrosoftTeams-image-161-768x1152.jpg\" class=\"attachment-medium_large size-medium_large\" alt=\"\" srcset=\"https:\/\/catedra-hp.webs.upv.es\/wp-content\/uploads\/2023\/12\/MicrosoftTeams-image-161-768x1152.jpg 768w, https:\/\/catedra-hp.webs.upv.es\/wp-content\/uploads\/2023\/12\/MicrosoftTeams-image-161-200x300.jpg 200w, https:\/\/catedra-hp.webs.upv.es\/wp-content\/uploads\/2023\/12\/MicrosoftTeams-image-161-683x1024.jpg 683w, https:\/\/catedra-hp.webs.upv.es\/wp-content\/uploads\/2023\/12\/MicrosoftTeams-image-161-1024x1536.jpg 1024w, https:\/\/catedra-hp.webs.upv.es\/wp-content\/uploads\/2023\/12\/MicrosoftTeams-image-161-1365x2048.jpg 1365w, https:\/\/catedra-hp.webs.upv.es\/wp-content\/uploads\/2023\/12\/MicrosoftTeams-image-161-scaled.jpg 1707w\" sizes=\"(max-width: 768px) 100vw, 768px\" \/><\/a>\n\t\t\t<\/div><\/figure>\n\t\t<\/div>\n\t\t<\/div>\n\t\t\t\t\t\t<\/div>\n\t\t\t\t<\/div>\n\t\t\t\t\t<\/div>\n\t\t<\/div>\n\t\t\t\t<div class=\"elementor-column elementor-col-16 elementor-top-column elementor-element elementor-element-42ffa460\" data-id=\"42ffa460\" data-element_type=\"column\" data-e-type=\"column\" data-settings=\"{&quot;background_background&quot;:&quot;classic&quot;}\">\n\t\t\t<div class=\"elementor-widget-wrap\">\n\t\t\t\t\t\t\t<\/div>\n\t\t<\/div>\n\t\t\t\t\t<\/div>\n\t\t<\/section>\n\t\t\t\t<section class=\"elementor-section elementor-top-section elementor-element elementor-element-507e92d7 elementor-section-boxed elementor-section-height-default elementor-section-height-default\" data-id=\"507e92d7\" data-element_type=\"section\" data-e-type=\"section\">\n\t\t\t\t\t\t<div class=\"elementor-container elementor-column-gap-default\">\n\t\t\t\t\t<div class=\"elementor-column elementor-col-100 elementor-top-column elementor-element elementor-element-7954cc2\" data-id=\"7954cc2\" data-element_type=\"column\" data-e-type=\"column\">\n\t\t\t<div class=\"elementor-widget-wrap\">\n\t\t\t\t\t\t\t<\/div>\n\t\t<\/div>\n\t\t\t\t\t<\/div>\n\t\t<\/section>\n\t\t\t\t<\/div>\n\t\t","protected":false},"excerpt":{"rendered":"<p>Jornadas DevFest 11 de diciembre de 2023 El lunes 11 de diciembre en el Paraninfo de la UPV se realizaron las Jornadas DevFest, organizadas por el GDSC (Google Developer Student Clubs), grupo de Generaci\u00f3n Espont\u00e1nea UPV. El evento comenz\u00f3 a las 9:00 hrs y se extendi\u00f3 hasta las 19:00 hrs., estuvo compuesto por 8 ponencias [&hellip;]<\/p>\n","protected":false},"author":3,"featured_media":0,"parent":0,"menu_order":0,"comment_status":"closed","ping_status":"closed","template":"","meta":{"footnotes":""},"class_list":["post-2084","page","type-page","status-publish","hentry"],"_links":{"self":[{"href":"https:\/\/catedra-hp.webs.upv.es\/index.php\/wp-json\/wp\/v2\/pages\/2084","targetHints":{"allow":["GET"]}}],"collection":[{"href":"https:\/\/catedra-hp.webs.upv.es\/index.php\/wp-json\/wp\/v2\/pages"}],"about":[{"href":"https:\/\/catedra-hp.webs.upv.es\/index.php\/wp-json\/wp\/v2\/types\/page"}],"author":[{"embeddable":true,"href":"https:\/\/catedra-hp.webs.upv.es\/index.php\/wp-json\/wp\/v2\/users\/3"}],"replies":[{"embeddable":true,"href":"https:\/\/catedra-hp.webs.upv.es\/index.php\/wp-json\/wp\/v2\/comments?post=2084"}],"version-history":[{"count":0,"href":"https:\/\/catedra-hp.webs.upv.es\/index.php\/wp-json\/wp\/v2\/pages\/2084\/revisions"}],"wp:attachment":[{"href":"https:\/\/catedra-hp.webs.upv.es\/index.php\/wp-json\/wp\/v2\/media?parent=2084"}],"curies":[{"name":"wp","href":"https:\/\/api.w.org\/{rel}","templated":true}]}}